{"id":1291,"date":"2013-11-22T12:56:53","date_gmt":"2013-11-22T10:56:53","guid":{"rendered":"http:\/\/dawipaderborn.bplaced.net\/wordpress\/?page_id=1291"},"modified":"2023-03-07T16:53:52","modified_gmt":"2023-03-07T14:53:52","slug":"regionalbuendnis-windvernunft","status":"publish","type":"page","link":"https:\/\/dawipaderborn.bplaced.net\/wordpress\/dawi-stellt-sich-vor\/regionalbuendnis-windvernunft\/","title":{"rendered":"Mitgliedschaften der DaWI"},"content":{"rendered":"<p><strong><span style=\"color: #333399;\">Die DaWI ist Mitglied der &#8222;Vernunftkraft-NR e.V.&#8220;<a href=\"http:\/\/dawipaderborn.bplaced.net\/wordpress\/wp-content\/uploads\/2023\/03\/vernunftkraft-nrw-logo.jpg\"><img loading=\"lazy\" decoding=\"async\" class=\"alignnone wp-image-6566 size-full\" src=\"http:\/\/dawipaderborn.bplaced.net\/wordpress\/wp-content\/uploads\/2023\/03\/vernunftkraft-nrw-logo.jpg\" alt=\"\" width=\"300\" height=\"68\" \/><\/a>&#8230;<br \/>\n<\/span><\/strong><span class=\"Apple-style-span\" style=\"color: #333399;\">&#8230; die f\u00fcr eine vern\u00fcnftige Energiewende eintritt.<br \/>\n<\/span><span class=\"Apple-style-span\" style=\"color: #333399;\">&#8230; und direkt zu erreichen ist unter <a href=\"https:\/\/vernunftkraft-nrw.org\" target=\"_blank\" rel=\"noopener\"><span style=\"color: #333399;\">\u00a0www.vernunftkraft NRW.de<\/span><\/a><\/span><\/p>\n<p><span class=\"Apple-style-span\" style=\"color: #333399;\"><strong>Die Vernunftkraft NRW ist hervorgegangen aus dem &#8222;Regionalb\u00fcndnis Windvernunft (RBW)&#8220;<br \/>\n<\/strong><\/span><\/p>\n<p><a href=\"http:\/\/dawipaderborn.bplaced.net\/wordpress\/wp-content\/uploads\/2013\/11\/logo_99_87125005.png\"><img loading=\"lazy\" decoding=\"async\" class=\"alignnone size-full wp-image-3491\" src=\"http:\/\/dawipaderborn.bplaced.net\/wordpress\/wp-content\/uploads\/2013\/11\/logo_99_87125005.png\" alt=\"logo_99_87125005\" width=\"74\" height=\"99\" \/><\/a><\/p>\n<p><a style=\"color: #333399;\" href=\"http:\/\/dawipaderborn.bplaced.net\/wordpress\/wp-content\/uploads\/2013\/11\/2015-04-24-WV-20-Burgerinitia-tiven-sind-jetzt-ein-Verein.pdf\" target=\"_blank\" rel=\"noopener\">B\u00fcrgerinitiativen sind jetzt ein Verein<\/a>\u00a0 (WV 24.4.2015)<\/p>\n<p><span style=\"color: #333399;\"><a style=\"color: #333399;\" href=\"http:\/\/dawipaderborn.bplaced.net\/wordpress\/wp-content\/uploads\/2013\/11\/2015_05_16-NW-20-Initiativen-im-Buendnis-gegen-Windkraft.pdf\" target=\"_blank\" rel=\"noopener\">20 Initiativen im B\u00fcndnis gegen Windkraft<\/a>\u00a0 (NW 16.5.2015)<\/span><\/p>\n<p><strong><span style=\"color: #333399;\">Pressespiegel<br \/>\n<\/span><\/strong><span class=\"Apple-style-span\" style=\"color: #333399;\"><em>Neue Westf\u00e4lische (NW), Westf\u00e4lisches Volksblatt (WV)<\/em><\/span><\/p>\n<p><span style=\"color: #333399;\"><a style=\"color: #333399;\" href=\"http:\/\/dawipaderborn.bplaced.net\/wordpress\/wp-content\/uploads\/2013\/11\/2015_11_07-NW-Fordert-die-Energiewende-die-falschen-Opfer.pdf\" target=\"_blank\" rel=\"noopener\">Fordert die Energiewende die falschen Opfer<\/a>\u00a0 (NW 7.11.2015)<\/span><\/p>\n<p><span style=\"color: #333399;\"><a style=\"color: #333399;\" href=\"http:\/\/dawipaderborn.bplaced.net\/wordpress\/wp-content\/uploads\/2013\/11\/2015-06-15-Presse-Klausurtagung-RBW.pdf\" target=\"_blank\" rel=\"noopener\">Presse Klausurtagung RBW<\/a>\u00a0 (16.6.2015)<\/span><\/p>\n<p><a href=\"http:\/\/dawipaderborn.bplaced.net\/wordpress\/wp-content\/uploads\/2013\/11\/2015-5-16-NW-\u00fcber-RBW.jpg\" target=\"_blank\" rel=\"noopener\"><img loading=\"lazy\" decoding=\"async\" class=\"alignnone size-medium wp-image-3566\" src=\"http:\/\/dawipaderborn.bplaced.net\/wordpress\/wp-content\/uploads\/2013\/11\/2015-5-16-NW-\u00fcber-RBW-300x171.jpg\" alt=\"2015-5-16 NW \u00fcber RBW\" width=\"300\" height=\"171\" srcset=\"https:\/\/dawipaderborn.bplaced.net\/wordpress\/wp-content\/uploads\/2013\/11\/2015-5-16-NW-\u00fcber-RBW-300x171.jpg 300w, https:\/\/dawipaderborn.bplaced.net\/wordpress\/wp-content\/uploads\/2013\/11\/2015-5-16-NW-\u00fcber-RBW-1024x584.jpg 1024w, https:\/\/dawipaderborn.bplaced.net\/wordpress\/wp-content\/uploads\/2013\/11\/2015-5-16-NW-\u00fcber-RBW-624x356.jpg 624w, https:\/\/dawipaderborn.bplaced.net\/wordpress\/wp-content\/uploads\/2013\/11\/2015-5-16-NW-\u00fcber-RBW.jpg 1095w\" sizes=\"auto, (max-width: 300px) 100vw, 300px\" \/><\/a><\/p>\n<p><span style=\"color: #333399;\"><a style=\"color: #333399;\" href=\"http:\/\/dawipaderborn.bplaced.net\/wordpress\/wp-content\/uploads\/2013\/11\/2015_07_24-NW-Energiewende-nicht-mit-der-Brechstange.pdf\" target=\"_blank\" rel=\"noopener\">Energiewende nicht mit der Brechstange<\/a>\u00a0 (NW 24.7.2015)<\/span><\/p>\n<p><span style=\"color: #333399;\"><a href=\"http:\/\/dawipaderborn.bplaced.net\/wordpress\/wp-content\/uploads\/2013\/11\/2014_04_12-NW-Gegenwind-auf-Landesebene.pdf\" target=\"_blank\" rel=\"noopener\"><span style=\"color: #333399;\">Gegenwind auf Landesebene<\/span><\/a>\u00a0 (NW 12. 4. 2014)<\/span><\/p>\n<p><span style=\"color: #333399;\"><a href=\"http:\/\/dawipaderborn.bplaced.net\/wordpress\/wp-content\/uploads\/2013\/11\/2014_01_14-NW-Viel-Aufregung-um-Windkraft.pdf\" target=\"_blank\" rel=\"noopener\"><span style=\"color: #333399;\">Viel Aufregung um Windkraft<\/span><\/a>\u00a0 (NW 14. 1. 2014)<\/span><\/p>\n<p><span style=\"color: #333399;\"><a href=\"http:\/\/dawipaderborn.bplaced.net\/wordpress\/wp-content\/uploads\/2013\/11\/2014_01_14-WV-Das-waere-das-Aus-fuer-die-Energiewende.pdf\" target=\"_blank\" rel=\"noopener\"><span style=\"color: #333399;\">Das w\u00e4re das Aus f\u00fcr die Energiewende<\/span><\/a>\u00a0 (WV 14. 1. 2014)<\/span><\/p>\n<p><span style=\"color: #333399;\"><a href=\"http:\/\/dawipaderborn.bplaced.net\/wordpress\/wp-content\/uploads\/2013\/11\/2013_12_07-WV-Windresolution-eingereicht.pdf\" target=\"_blank\" rel=\"noopener\"><span style=\"color: #333399;\">Windresolution eingereicht<\/span><\/a>\u00a0 (WV 7. 12. 2013)<\/span><\/p>\n<p><span style=\"color: #333399;\"><a href=\"http:\/\/dawipaderborn.bplaced.net\/wordpress\/wp-content\/uploads\/2013\/11\/2013_11_25-WV-Gegner-melden-sich-zu-Wort.pdf\" target=\"_blank\" rel=\"noopener\"><span style=\"color: #333399;\">Gegner melden sich zu Wort<\/span><\/a><\/span><span style=\"color: #333399;\">\u00a0\u00a0 (WV 25. 11. 2013)<\/span><span style=\"color: #333399;\"><br \/>\n<\/span><\/p>\n<p><span style=\"color: #333399;\"><a href=\"http:\/\/dawipaderborn.bplaced.net\/wordpress\/wp-content\/uploads\/2013\/11\/2013_11_20-WV-Windkraftgegner-machen-molil.pdf\" target=\"_blank\" rel=\"noopener\"><span style=\"color: #333399;\">Windkraftgegner machen mobil<\/span><\/a>\u00a0 (WV 20. 11. 2013)<\/span><\/p>\n<p><span style=\"color: #333399;\">\u00a0<a href=\"http:\/\/dawipaderborn.bplaced.net\/wordpress\/wp-content\/uploads\/2013\/11\/2013_11_20-NW-Schulterschluss-der-Windkraftinitiativen.pdf\" target=\"_blank\" rel=\"noopener\"><span style=\"color: #333399;\">Schulterschluss der Windkraftinitiativen<\/span><\/a>\u00a0 (NW 20. 11. 2013)<\/span><\/p>\n<hr \/>\n<p><strong><span style=\"color: #333399;\">DaWI Paderborn ist Gr\u00fcndungsmitglied des &#8222;Regionalb\u00fcndnisses Windvernunft&#8220;\u00a0<\/span><\/strong><\/p>\n<p><span style=\"color: #333399;\"><a href=\"http:\/\/dawipaderborn.bplaced.net\/wordpress\/wp-content\/uploads\/2013\/11\/Regionalbuendnis-Windkraft_20131117_0105.jpg\"><span style=\"color: #333399;\"><img loading=\"lazy\" decoding=\"async\" class=\"size-medium wp-image-1231 aligncenter\" src=\"http:\/\/dawipaderborn.bplaced.net\/wordpress\/wp-content\/uploads\/2013\/11\/Regionalbuendnis-Windkraft_20131117_0105-300x199.jpg\" alt=\"Regionalbuendnis Windkraft_20131117_0105\" width=\"300\" height=\"199\" srcset=\"https:\/\/dawipaderborn.bplaced.net\/wordpress\/wp-content\/uploads\/2013\/11\/Regionalbuendnis-Windkraft_20131117_0105-300x199.jpg 300w, https:\/\/dawipaderborn.bplaced.net\/wordpress\/wp-content\/uploads\/2013\/11\/Regionalbuendnis-Windkraft_20131117_0105-624x415.jpg 624w, https:\/\/dawipaderborn.bplaced.net\/wordpress\/wp-content\/uploads\/2013\/11\/Regionalbuendnis-Windkraft_20131117_0105.jpg 1000w\" sizes=\"auto, (max-width: 300px) 100vw, 300px\" \/><\/span><\/a><\/span><\/p>\n<p style=\"text-align: left;\" align=\"JUSTIFY\"><span style=\"font-family: Arial,serif; color: #333399;\"><span style=\"color: #808080;\"><span style=\"color: #333333;\"><span style=\"color: #999999;\"><span style=\"color: #808080;\">Am Sonntag (17.11.2013) trafen sich Sprecher und Aktive der Windinitiativen aus Dahl, Alfen, Lichtenau, Tudorf, Neuenbeken, Benhausen und Bad Lippspringe zur Gr\u00fcndung des &#8222;Regionalb\u00fcndnis Windvernunft&#8220; in Neuenbeken: v.l.: Michael Wilmes, Christiane Brinkmann, Michael Wessel, Heinrich Brinkmann, Hubert Halsband, Hans-Hermann Juergens, J\u00fcrgen Baur, Josef Gehlert, Franz Lunatschek, J\u00f6rg Vogt, Ulrich Bentler, Rainer Wille, Michael Biermann. Die B\u00fcrgerinitiative &#8222;L\u00e4rmstopp Eggevorland&#8220;, erst j\u00fcngst von B\u00fcrgerinnen und B\u00fcrgern aus Bad Lippspringe, Neuenbeken und Benhausen ins Leben gerufen, r\u00fcckt zur Zeit die laufenden Planungen von neuen Windparks zwischen den genannten Orten (Plakat mit Fotomontage) in den Fokus der \u00d6ffentlichkeit.<\/span><\/span><\/span><\/span><\/span><\/p>\n<p style=\"text-align: right;\" align=\"JUSTIFY\"><span style=\"color: #333399;\"><span style=\"color: #808080;\"><span style=\"color: #333333;\"><span style=\"color: #999999;\"><span style=\"color: #808080;\">\u00a0<\/span><\/span><\/span><\/span><span style=\"font-family: Arial,serif;\"><span style=\"color: #808080;\"><span style=\"color: #333333;\"><span style=\"color: #999999;\"><span style=\"color: #808080;\">Heinrich Brinkmann (als Sprecher des RBW-Sprecherrats)<\/span><\/span><\/span><\/span><\/span><\/span><\/p>\n<p>&nbsp;<\/p>\n<p class=\"western\" style=\"margin-bottom: 0cm;\" align=\"JUSTIFY\"><span style=\"font-family: Arial,serif; color: #333399;\"><b>&#8222;Regionalb\u00fcndnis Windvernunft&#8220; (RBW) macht sich stark<\/b><\/span><\/p>\n<p><span style=\"font-family: Arial,serif; color: #333399;\"><span style=\"color: #666699;\"><span style=\"color: #808080;\">Das \u201eRegionalb\u00fcndnis Windvernunft\u201c will die Kompetenzen und Kr\u00e4fte der verschiedenen B\u00fcrgerinitiativen b\u00fcndeln, um sich geschlossen und entschlossen in die kommunalen und regionalen Planungen zum weiteren Ausbau der Windenergienutzung einzumischen: im Interesse der B\u00fcrgerinnen und B\u00fcrger. Das RBW greift die leitende Idee der \u201eEnergiewende\u201c auf, die Lebensqualit\u00e4t der Bev\u00f6lkerung durch eine vern\u00fcnftige und r\u00fccksichtsvolle Nutzung der Windenergie zu erhalten und zu verbessern sowie die gewachsenen Natur- und Kulturlandschaften zu sch\u00fctzen.<\/span><\/span><\/span><\/p>\n<p style=\"text-align: left;\" align=\"JUSTIFY\"><span style=\"font-family: Arial,serif; color: #333399;\"><span style=\"color: #666699;\"><span style=\"color: #808080;\">Die Sprecher der verschiedenen B\u00fcrgerinitiativen konnten sich im Zuge der RBW-Gr\u00fcndungssitzung schnell auf gemeinsame Ziele einigen. Das RBW setzt sich nachdr\u00fccklich und beharrlich f\u00fcr eine durchdachte und weitsichtige, eine menschen- und sozialvertr\u00e4gliche, eine kultur- und natursch\u00fctzende Windenergienutzung ein. Es besteht auf eine konsequente Einbindung der B\u00fcrgerinnen und B\u00fcrger in die kommunalen Planungsvorhaben und Entscheidungsprozesse. Es fordert sorgf\u00e4ltige Standortanalysen und Standortpr\u00fcfungen beim Ausweis von Windvorrangzonen. Es mahnt bei den Kreisverwaltungen an, sich verst\u00e4rkt f\u00fcr eine Koordination kommunaler Planungen einzusetzen, um eine leichtfertige Verlagerung von Windindustriegebieten in Vororte und an die Au\u00dfengrenzen der Gemeinden (zu Lasten der Nachbarkommunen) vorzubeugen. Das RBW wird Ungereimtheiten, Widerspr\u00fcche und Fehlentwicklungen der Windindustrialisierung auch auf \u201eh\u00f6herer\u201c politischer Ebene anzeigen und monieren.<\/span><\/span><\/span><\/p>\n","protected":false},"excerpt":{"rendered":"<p>Die DaWI ist Mitglied der &#8222;Vernunftkraft-NR e.V.&#8220;&#8230; &#8230; die f\u00fcr eine vern\u00fcnftige Energiewende eintritt. &#8230; und direkt zu erreichen ist unter \u00a0www.vernunftkraft NRW.de Die Vernunftkraft NRW ist hervorgegangen aus dem &#8222;Regionalb\u00fcndnis Windvernunft (RBW)&#8220; B\u00fcrgerinitiativen sind jetzt ein Verein\u00a0 (WV 24.4.2015) 20 Initiativen im B\u00fcndnis gegen Windkraft\u00a0 (NW 16.5.2015) Pressespiegel Neue Westf\u00e4lische (NW), Westf\u00e4lisches Volksblatt (WV) [&hellip;]<\/p>\n","protected":false},"author":1,"featured_media":0,"parent":11,"menu_order":8,"comment_status":"closed","ping_status":"closed","template":"","meta":{"footnotes":""},"class_list":["post-1291","page","type-page","status-publish","hentry"],"aioseo_notices":[],"_links":{"self":[{"href":"https:\/\/dawipaderborn.bplaced.net\/wordpress\/wp-json\/wp\/v2\/pages\/1291","targetHints":{"allow":["GET"]}}],"collection":[{"href":"https:\/\/dawipaderborn.bplaced.net\/wordpress\/wp-json\/wp\/v2\/pages"}],"about":[{"href":"https:\/\/dawipaderborn.bplaced.net\/wordpress\/wp-json\/wp\/v2\/types\/page"}],"author":[{"embeddable":true,"href":"https:\/\/dawipaderborn.bplaced.net\/wordpress\/wp-json\/wp\/v2\/users\/1"}],"replies":[{"embeddable":true,"href":"https:\/\/dawipaderborn.bplaced.net\/wordpress\/wp-json\/wp\/v2\/comments?post=1291"}],"version-history":[{"count":33,"href":"https:\/\/dawipaderborn.bplaced.net\/wordpress\/wp-json\/wp\/v2\/pages\/1291\/revisions"}],"predecessor-version":[{"id":6569,"href":"https:\/\/dawipaderborn.bplaced.net\/wordpress\/wp-json\/wp\/v2\/pages\/1291\/revisions\/6569"}],"up":[{"embeddable":true,"href":"https:\/\/dawipaderborn.bplaced.net\/wordpress\/wp-json\/wp\/v2\/pages\/11"}],"wp:attachment":[{"href":"https:\/\/dawipaderborn.bplaced.net\/wordpress\/wp-json\/wp\/v2\/media?parent=1291"}],"curies":[{"name":"wp","href":"https:\/\/api.w.org\/{rel}","templated":true}]}}