{"id":20,"date":"2013-07-17T14:49:14","date_gmt":"2013-07-17T12:49:14","guid":{"rendered":"http:\/\/dawipaderborn.bplaced.net\/wordpress\/?page_id=20"},"modified":"2017-11-22T16:04:37","modified_gmt":"2017-11-22T14:04:37","slug":"mitglieder","status":"publish","type":"page","link":"https:\/\/dawipaderborn.bplaced.net\/wordpress\/dawi-stellt-sich-vor\/mitglieder\/","title":{"rendered":"Die DaWI-Initiativgruppe"},"content":{"rendered":"<p>Alteingesessene Dahler ebenso wie Dahler Neub\u00fcrger geh\u00f6rten und geh\u00f6ren noch der urspr\u00fcnglichen Initiativgruppe an: J\u00fcrgen Baur, Friedhelm und Heinz Brockmeier, Franz-Dieter Cramer, Anne Franzbecker, Hans-Herrmann Juergens, Udo M\u00fcgge (in alphabetischer Reihenfolge).<\/p>\n<p><a href=\"http:\/\/dawipaderborn.bplaced.net\/wordpress\/wp-content\/uploads\/2013\/07\/2013_11_13-DaWi-Team.jpg\" target=\"_blank\" rel=\"noopener\"><img loading=\"lazy\" decoding=\"async\" class=\"size-medium wp-image-1162 aligncenter\" src=\"http:\/\/dawipaderborn.bplaced.net\/wordpress\/wp-content\/uploads\/2013\/07\/2013_11_13-DaWi-Team-300x200.jpg\" alt=\"2013_11_13 DaWi Team\" width=\"300\" height=\"200\" srcset=\"https:\/\/dawipaderborn.bplaced.net\/wordpress\/wp-content\/uploads\/2013\/07\/2013_11_13-DaWi-Team-300x200.jpg 300w, https:\/\/dawipaderborn.bplaced.net\/wordpress\/wp-content\/uploads\/2013\/07\/2013_11_13-DaWi-Team-1024x682.jpg 1024w, https:\/\/dawipaderborn.bplaced.net\/wordpress\/wp-content\/uploads\/2013\/07\/2013_11_13-DaWi-Team-624x416.jpg 624w, https:\/\/dawipaderborn.bplaced.net\/wordpress\/wp-content\/uploads\/2013\/07\/2013_11_13-DaWi-Team.jpg 1224w\" sizes=\"auto, (max-width: 300px) 100vw, 300px\" \/><\/a><\/p>\n<p>Aktuell fungieren als DaWI-Sprecher (in alphabetischer Reihenfolge):<br \/>\nDr. Franz-Dieter Cramer und Dipl.-Ing. Hans-Hermann Juergens.<\/p>\n<p>Die \u201eKernmannschaft\u201c ist gut aufgestellt. Die Zusammenf\u00fchrung der unterschiedlichen Kompetenzen (aus Industrie, Bau- und Energiewirtschaft und aus Natur- und Landschaftsschutz) erweist sich als ausgesprochen vorteilhaft und gew\u00e4hrleistet eine gute argumentative Wappnung, zusammengebunden durch das Interesse an einer aktiven B\u00fcrgerbeteiligung in der Zivilgesellschaft.<\/p>\n<div><\/div>\n","protected":false},"excerpt":{"rendered":"<p>Alteingesessene Dahler ebenso wie Dahler Neub\u00fcrger geh\u00f6rten und geh\u00f6ren noch der urspr\u00fcnglichen Initiativgruppe an: J\u00fcrgen Baur, Friedhelm und Heinz Brockmeier, Franz-Dieter Cramer, Anne Franzbecker, Hans-Herrmann Juergens, Udo M\u00fcgge (in alphabetischer Reihenfolge). Aktuell fungieren als DaWI-Sprecher (in alphabetischer Reihenfolge): Dr. Franz-Dieter Cramer und Dipl.-Ing. Hans-Hermann Juergens. Die \u201eKernmannschaft\u201c ist gut aufgestellt. Die Zusammenf\u00fchrung der unterschiedlichen Kompetenzen [&hellip;]<\/p>\n","protected":false},"author":1,"featured_media":0,"parent":11,"menu_order":3,"comment_status":"closed","ping_status":"closed","template":"","meta":{"footnotes":""},"class_list":["post-20","page","type-page","status-publish","hentry"],"aioseo_notices":[],"_links":{"self":[{"href":"https:\/\/dawipaderborn.bplaced.net\/wordpress\/wp-json\/wp\/v2\/pages\/20","targetHints":{"allow":["GET"]}}],"collection":[{"href":"https:\/\/dawipaderborn.bplaced.net\/wordpress\/wp-json\/wp\/v2\/pages"}],"about":[{"href":"https:\/\/dawipaderborn.bplaced.net\/wordpress\/wp-json\/wp\/v2\/types\/page"}],"author":[{"embeddable":true,"href":"https:\/\/dawipaderborn.bplaced.net\/wordpress\/wp-json\/wp\/v2\/users\/1"}],"replies":[{"embeddable":true,"href":"https:\/\/dawipaderborn.bplaced.net\/wordpress\/wp-json\/wp\/v2\/comments?post=20"}],"version-history":[{"count":21,"href":"https:\/\/dawipaderborn.bplaced.net\/wordpress\/wp-json\/wp\/v2\/pages\/20\/revisions"}],"predecessor-version":[{"id":5645,"href":"https:\/\/dawipaderborn.bplaced.net\/wordpress\/wp-json\/wp\/v2\/pages\/20\/revisions\/5645"}],"up":[{"embeddable":true,"href":"https:\/\/dawipaderborn.bplaced.net\/wordpress\/wp-json\/wp\/v2\/pages\/11"}],"wp:attachment":[{"href":"https:\/\/dawipaderborn.bplaced.net\/wordpress\/wp-json\/wp\/v2\/media?parent=20"}],"curies":[{"name":"wp","href":"https:\/\/api.w.org\/{rel}","templated":true}]}}