{"id":47,"date":"2013-07-17T15:34:05","date_gmt":"2013-07-17T13:34:05","guid":{"rendered":"http:\/\/dawipaderborn.bplaced.net\/wordpress\/?page_id=47"},"modified":"2015-11-19T18:01:26","modified_gmt":"2015-11-19T16:01:26","slug":"107-aenderung-des-flaechennutzungsplans","status":"publish","type":"page","link":"https:\/\/dawipaderborn.bplaced.net\/wordpress\/windindustrie-in-der-stadt-paderborn\/107-aenderung-des-flaechennutzungsplans\/","title":{"rendered":"107. \u00c4nderung des Fl\u00e4chennutzungsplans: Dahl, Benhausen, Neuenbeken"},"content":{"rendered":"<p><strong><span style=\"color: #000080;\">Dokumente zur 107. \u00c4nderung des Fl\u00e4chennutzungsplans:<br \/>\nDahl, Benhausen, Neuenbeken<br \/>\n<\/span><\/strong><\/p>\n<p><span style=\"color: #333399;\"><strong>Dieser Fl\u00e4chennutzungsplan ist aktuell g\u00fcltig f\u00fcr die Fl\u00e4chen rund um Dahl.<\/strong><\/span><\/p>\n<p><span style=\"color: #333399;\"><strong>Aktueller Stand Februar 2015:\u00a0<\/strong><\/span><strong><span style=\"color: #333399;\">Am Iggenhauser Weg ist<br \/>\n<\/span><\/strong><span class=\"Apple-style-span\" style=\"color: #333399;\">&#8211; 1 WEA H\u00f6he 185 Meter (Betreiber Fa. AGM) im Abstand von ca. 900\u00a0Metern vom Ortsrand \u00a0 gebaut<br \/>\n<\/span><span class=\"Apple-style-span\" style=\"color: #333399;\">&#8211; 1 WEA H\u00f6he 185 Meter\u00a0(Betreiber Evers) befindet sich im Klageverfahren,<br \/>\n<\/span><span class=\"Apple-style-span\" style=\"color: #333399;\">&#8211; 1 WEA H\u00f6he 199,5 Meter\u00a0(Betreiber DEAG Osnabr\u00fcck) vom Kreis am 5.2.2015 genehmigt<br \/>\n<\/span><span style=\"color: #333399;\">&#8211; 1 WEA H\u00f6he 184,4 Meter (Betreiber WEA Brocksdahl GdB vom Kreis an 4.2.2015 genehmigt , f\u00fcr beide Anlagen\u00a0ist am 15.1.2015 das gemeindliche Einvernehmen vom Rat Paderborn erteilt worden.<\/span><br \/>\n<span style=\"color: #333399;\">&#8211; 1 WEA ist in Planung.<\/span><\/p>\n<p><span style=\"color: #333399;\"><a style=\"color: #333399;\" href=\"http:\/\/dawipaderborn.bplaced.net\/wordpress\/wp-content\/uploads\/2013\/07\/2015_02_04-Bekanntmachung-1-WEA-WEA-Brocksdahl-Iggenhauser-Weg1.pdf\" target=\"_blank\">Bekanntmachung 1 WEA WEA Brocksdahl Iggenhauser Weg<\/a>\u00a0 (4.2.2015)<\/span><\/p>\n<p><span style=\"color: #333399;\"><a style=\"color: #333399;\" href=\"http:\/\/dawipaderborn.bplaced.net\/wordpress\/wp-content\/uploads\/2013\/07\/2015_02_04-Bekanntmachung-1-WEA-DEAG-Iggenhauser-Weg1.pdf\" target=\"_blank\">Bekanntmachung 1 WEA DEAG Iggenhauser Weg<\/a>\u00a0 (4.2.2015)<\/span><\/p>\n<p><span style=\"color: #333399;\"><a style=\"color: #333399;\" href=\"http:\/\/dawipaderborn.bplaced.net\/wordpress\/wp-content\/uploads\/2013\/07\/2015_01_15-Beschlusstext_0001-15_-oeffentlich-_Ausschuss_fuer_Bauen-_Planen_und_Umwelt_15.01.2015.pdf\" target=\"_blank\">15.1.2015\u00a0Beschlusstext_Ausschuss_fuer_Bauen-_Planen_und_Umwelt_z<\/a>um gemeindlichen Einvernehmens der Stadt Paderborn\u00a0<\/span><\/p>\n<p><span style=\"color: #333399;\"><a style=\"color: #333399;\" href=\"http:\/\/dawipaderborn.bplaced.net\/wordpress\/wp-content\/uploads\/2013\/07\/2015_01_15-Beschlussvorlage_0001-15-2-WEA-Iggenhauser-Weg.pdf\" target=\"_blank\">15.1.2015\u00a0Beschlussvorlage \u00a02 WEA Iggenhauser Weg<\/a><\/span><\/p>\n<p><span style=\"color: #333399;\"><span class=\"Apple-style-span\" style=\"line-height: 14px;\"><a style=\"color: #333399;\" href=\"http:\/\/dawipaderborn.bplaced.net\/wordpress\/wp-content\/uploads\/2013\/07\/2013_11_21-NW-Immissionsschutz-AGM-Anlage-Iggenhauser-Weg.pdf\" target=\"_blank\">21. 11. 2013 \u00a0Immissionsschutz AGM Anlage Iggenhauser Weg<\/a><\/span><span class=\"Apple-style-span\"><a style=\"color: #333399;\" href=\"http:\/\/dawipaderborn.bplaced.net\/wordpress\/wp-content\/uploads\/2013\/07\/2013_11_14-Auszug-Niederschrift-Entscheidung-.pdf\" target=\"_blank\">\u00a0<\/a><\/span><\/span><\/p>\n<p><a href=\"http:\/\/dawipaderborn.bplaced.net\/wordpress\/wp-content\/uploads\/2013\/07\/2013_11_14-Auszug-Niederschrift-Entscheidung-.pdf\" target=\"_blank\"><span class=\"Apple-style-span\" style=\"color: #333399;\">14.\u00a011. 2013 \u00a0Niederschrift Entscheidung\u00a0Bauausschuss zur Erteilung des Einvernehmens Iggenhauser Weg<\/span><\/a><\/p>\n<p><strong><span style=\"color: #333399;\"><a href=\"http:\/\/dawipaderborn.bplaced.net\/wordpress\/wp-content\/uploads\/2013\/07\/991022073034131104104450Auszug.pdf\" target=\"_blank\"><span style=\"color: #333399;\">14. 11. 2013 \u00a0Niederschrift Aufstellungsbeschluss \u00a0zur 125. FNP-\u00c4nderung<\/span><\/a><\/span><\/strong><\/p>\n<p><a href=\"http:\/\/dawipaderborn.bplaced.net\/wordpress\/wp-content\/uploads\/2013\/07\/2013_11_06-RisVorlage-107.pdf\" target=\"_blank\"><span style=\"color: #333399;\"><span style=\"color: #333399;\">14.\u00a011. 2013_\u00a0Sitzungsvorlage-Nr. 0319\/13: Beschlussvorschlag zur Erteilung des Einvernehmens Iggenhauser Weg<\/span><\/span><\/a><\/p>\n<p><span style=\"color: #333399;\"><a href=\"http:\/\/dawipaderborn.bplaced.net\/wordpress\/wp-content\/uploads\/2013\/07\/2011_09_22_991022073034110913104840Auszug.pdf\" target=\"_blank\"><span style=\"color: #333399;\">22. 9. 2011 \u00a0Auszug Niederschrift Ausschuss BPU<\/span><\/a><\/span><\/p>\n<p><span style=\"color: #333399;\"><a href=\"http:\/\/dawipaderborn.bplaced.net\/wordpress\/wp-content\/uploads\/2013\/07\/2010_07_21_SYNOPSE.pdf\" target=\"_blank\"><span style=\"color: #333399;\">21. 7. 2010 \u00a0Konzentrationszonen f\u00fcr Windenergienutzung<\/span><\/a><\/span><\/p>\n<p><strong><span style=\"color: #333399;\"><a href=\"http:\/\/dawipaderborn.bplaced.net\/wordpress\/wp-content\/uploads\/2013\/07\/2010_07_08_940905100250WS100609122532Auszug.pdf\" target=\"_blank\"><span style=\"color: #333399;\">8. 7. 2010 \u00a0Auszug Niederschrift Rat Paderborn<\/span><\/a><\/span><\/strong><\/p>\n<p><strong><span style=\"color: #333399;\"><a href=\"http:\/\/dawipaderborn.bplaced.net\/wordpress\/wp-content\/uploads\/2013\/07\/2010_06_aendBegWind.pdf\" target=\"_blank\"><span style=\"color: #333399;\">6. 2010 \u00a0Begr\u00fcndung f\u00fcr Konzentrationszonen f\u00fcr Windenergie von Wolters Partner<\/span><\/a><\/span><\/strong><\/p>\n<p><span style=\"color: #333399;\"><a href=\"http:\/\/dawipaderborn.bplaced.net\/wordpress\/wp-content\/uploads\/2013\/07\/2010_06_24_991022073034100609122532Auszug.pdf\" target=\"_blank\"><span style=\"color: #333399;\">24. 6. 2010 \u00a0Auszug Niederschrift Ausschuss BPU<\/span><\/a><\/span><\/p>\n<p><span style=\"color: #333399;\"><a href=\"http:\/\/dawipaderborn.bplaced.net\/wordpress\/wp-content\/uploads\/2013\/07\/2010_06_11_FNP-StellungnahmenListe-erneute-Offenlage-anonym.pdf\" target=\"_blank\"><span style=\"color: #333399;\">11. 6. 2010 \u00a0Stellungnahmen Liste erneute Offenlage<\/span><\/a><\/span><\/p>\n<p><span style=\"color: #333399;\"><a href=\"http:\/\/dawipaderborn.bplaced.net\/wordpress\/wp-content\/uploads\/2013\/07\/2010_06_09_Windkonzentrationszonen_neu.pdf\" target=\"_blank\"><span style=\"color: #333399;\">9. 6. 2010 \u00a0Plan der Windkonzentrationszonen_neu<\/span><\/a><\/span><\/p>\n<p><span style=\"color: #333399;\"><a style=\"color: #333399;\" href=\"http:\/\/dawipaderborn.bplaced.net\/wordpress\/wp-content\/uploads\/2013\/07\/2010_06_09_100609122532RisVorlage.pdf\" target=\"_blank\">9. 6. 2010 \u00a0Sitzungsvorlage<\/a><\/span><\/p>\n<p><span style=\"color: #333399;\"><a href=\"http:\/\/dawipaderborn.bplaced.net\/wordpress\/wp-content\/uploads\/2013\/07\/2010_05_18_991022073034100506104131Auszug.pdf\" target=\"_blank\"><span style=\"color: #333399;\">18. 5. 2010 \u00a0Auszug Niederschrift Ausschuss BPU<\/span><\/a><\/span><\/p>\n<p><span style=\"color: #333399;\"><a href=\"http:\/\/dawipaderborn.bplaced.net\/wordpress\/wp-content\/uploads\/2013\/07\/2010_05_06_UePlan-107.-FNP.pdf\" target=\"_blank\"><span style=\"color: #333399;\">6. 5. 2010 \u00a0\u00dcbersichtsplan zum 107. FNP<\/span><\/a><\/span><\/p>\n<p><span style=\"color: #333399;\"><a href=\"http:\/\/dawipaderborn.bplaced.net\/wordpress\/wp-content\/uploads\/2013\/07\/2010_05_05-RisVorlage.pdf\" target=\"_blank\"><span style=\"color: #333399;\">5. 5. 2010 \u00a0Sitzungsvorlage<\/span><\/a><\/span><\/p>\n<p><span style=\"color: #333399;\"><a href=\"http:\/\/dawipaderborn.bplaced.net\/wordpress\/wp-content\/uploads\/2013\/07\/2010_03_15_FNP-StellungnahmenListe-Offenlage-anonym.pdf\" target=\"_blank\"><span style=\"color: #333399;\">15. 3. 2010 \u00a0Stellungnahmen zur \u00f6ffentlichen Auslegung<\/span><\/a><\/span><\/p>\n<p><span style=\"color: #333399;\"><a href=\"http:\/\/dawipaderborn.bplaced.net\/wordpress\/wp-content\/uploads\/2013\/07\/2009_nzo_artenschutzfachbeitrag_fnp_wka_pb.pdf\" target=\"_blank\"><span style=\"color: #333399;\">8.\u00a02009 \u00a0NZO Artenschutzfachbeitrag<\/span><\/a><\/span><\/p>\n<p><span style=\"color: #333399;\"><a href=\"http:\/\/dawipaderborn.bplaced.net\/wordpress\/wp-content\/uploads\/2013\/07\/2009_12_10_991022073034091125153148Auszug.pdf\" target=\"_blank\"><span style=\"color: #333399;\">10. 12. 2009 \u00a0Auszug aus der Niederschrift des Ausschuss BPU<\/span><\/a><\/span><\/p>\n<p><span style=\"color: #333399;\"><a href=\"http:\/\/dawipaderborn.bplaced.net\/wordpress\/wp-content\/uploads\/2013\/07\/2009_12_10_091125153148RisVorlage.pdf\" target=\"_blank\"><span style=\"color: #333399;\">10. 12. 2009 \u00a0Sitzungsvorlage<\/span><\/a><\/span><\/p>\n<p><span style=\"color: #333399;\"><a href=\"http:\/\/dawipaderborn.bplaced.net\/wordpress\/wp-content\/uploads\/2013\/07\/2009_04_27_FNP-StellungnahmenListe-fruehzeitige-anonym.pdf\" target=\"_blank\"><span style=\"color: #333399;\">27. 4. 2009 \u00a0Stellungnahmen Liste fr\u00fchzeitige B\u00fcrgerbeteiligung<\/span><\/a><\/span><\/p>\n<p><span style=\"color: #333399;\"><a href=\"http:\/\/dawipaderborn.bplaced.net\/wordpress\/wp-content\/uploads\/2013\/07\/2009_02_24_104633RisVorlage.pdf\" target=\"_blank\"><span style=\"color: #333399;\">24. 2. 2009 \u00a0Sitzungsvorlage<\/span><\/a><\/span><\/p>\n<p><span style=\"color: #333399;\">Herkunft der Dokumente aus dem B\u00fcrgerinformationssystem der Stadt Paderborn<\/span><\/p>\n","protected":false},"excerpt":{"rendered":"<p>Dokumente zur 107. \u00c4nderung des Fl\u00e4chennutzungsplans: Dahl, Benhausen, Neuenbeken Dieser Fl\u00e4chennutzungsplan ist aktuell g\u00fcltig f\u00fcr die Fl\u00e4chen rund um Dahl. Aktueller Stand Februar 2015:\u00a0Am Iggenhauser Weg ist &#8211; 1 WEA H\u00f6he 185 Meter (Betreiber Fa. AGM) im Abstand von ca. 900\u00a0Metern vom Ortsrand \u00a0 gebaut &#8211; 1 WEA H\u00f6he 185 Meter\u00a0(Betreiber Evers) befindet sich im [&hellip;]<\/p>\n","protected":false},"author":1,"featured_media":0,"parent":2522,"menu_order":5,"comment_status":"closed","ping_status":"closed","template":"","meta":{"footnotes":""},"class_list":["post-47","page","type-page","status-publish","hentry"],"aioseo_notices":[],"_links":{"self":[{"href":"https:\/\/dawipaderborn.bplaced.net\/wordpress\/wp-json\/wp\/v2\/pages\/47","targetHints":{"allow":["GET"]}}],"collection":[{"href":"https:\/\/dawipaderborn.bplaced.net\/wordpress\/wp-json\/wp\/v2\/pages"}],"about":[{"href":"https:\/\/dawipaderborn.bplaced.net\/wordpress\/wp-json\/wp\/v2\/types\/page"}],"author":[{"embeddable":true,"href":"https:\/\/dawipaderborn.bplaced.net\/wordpress\/wp-json\/wp\/v2\/users\/1"}],"replies":[{"embeddable":true,"href":"https:\/\/dawipaderborn.bplaced.net\/wordpress\/wp-json\/wp\/v2\/comments?post=47"}],"version-history":[{"count":45,"href":"https:\/\/dawipaderborn.bplaced.net\/wordpress\/wp-json\/wp\/v2\/pages\/47\/revisions"}],"predecessor-version":[{"id":3870,"href":"https:\/\/dawipaderborn.bplaced.net\/wordpress\/wp-json\/wp\/v2\/pages\/47\/revisions\/3870"}],"up":[{"embeddable":true,"href":"https:\/\/dawipaderborn.bplaced.net\/wordpress\/wp-json\/wp\/v2\/pages\/2522"}],"wp:attachment":[{"href":"https:\/\/dawipaderborn.bplaced.net\/wordpress\/wp-json\/wp\/v2\/media?parent=47"}],"curies":[{"name":"wp","href":"https:\/\/api.w.org\/{rel}","templated":true}]}}