{"id":57,"date":"2013-07-17T15:37:08","date_gmt":"2013-07-17T13:37:08","guid":{"rendered":"http:\/\/dawipaderborn.bplaced.net\/wordpress\/?page_id=57"},"modified":"2018-06-16T13:17:17","modified_gmt":"2018-06-16T11:17:17","slug":"191-aenderung-des-bebauungsplans","status":"publish","type":"page","link":"https:\/\/dawipaderborn.bplaced.net\/wordpress\/windindustrie-in-der-stadt-paderborn\/191-aenderung-des-bebauungsplans\/","title":{"rendered":"D 191 Bebauungsplan Windpark Dahl"},"content":{"rendered":"<p><strong><span style=\"color: #000080;\">Dokumente zum Bebauungsplan D 191 Windpark Dahl<br \/>\n<\/span><\/strong><\/p>\n<p><span style=\"color: #000080;\"><strong>Der B-Plan 191 wurde inzwischen durch den Entwurf des B-Plan 291 fortgef\u00fchrt<\/strong><\/span><span style=\"color: #000080;\"><strong>.<\/strong><\/span><strong><span style=\"color: #000080;\"><br \/>\n<\/span><\/strong><\/p>\n<p><strong><a href=\"http:\/\/dawipaderborn.bplaced.net\/wordpress\/wp-content\/uploads\/2018\/06\/Beschlussvorlage_0134-18.pdf\" target=\"_blank\" rel=\"noopener\">13.6.2018 Beschlussvorlage_zur Aufhebung des Bebauungsplans 0134-18<\/a><\/strong><\/p>\n<p><strong><span style=\"color: #333399;\">16.2.2017\u00a0<a style=\"color: #333399;\" href=\"http:\/\/dawipaderborn.bplaced.net\/wordpress\/wp-content\/uploads\/2013\/07\/Beschlussvorlage_0031-17.pdf\" target=\"_blank\" rel=\"noopener\">Beschlussvorlage_zur Aufhebung des Bebauungsplans D 191<\/a><\/span><\/strong><\/p>\n<p><span style=\"color: #333399;\"><a href=\"http:\/\/dawipaderborn.bplaced.net\/wordpress\/wp-content\/uploads\/2013\/07\/2013_04_24-Aufhebung-Bebauungsplan-D191.pdf\" target=\"_blank\" rel=\"noopener\"><span style=\"color: #333399;\">24. 4. 2013 \u00a0Amtsblatt: Aufhebung der Aufhebung zum Bebauungsplan D 191<\/span><\/a><\/span><\/p>\n<p><span style=\"color: #333399;\"><a href=\"http:\/\/dawipaderborn.bplaced.net\/wordpress\/wp-content\/uploads\/2013\/07\/2012_02_03_amtsblatt03-20121.pdf\" target=\"_blank\" rel=\"noopener\"><span style=\"color: #333399;\">3. 2. 2012 \u00a0Amtsblatt: Windpark Dahl, fr\u00fchzeitige Beteiligung der \u00d6ffentlichkeit<\/span><\/a><\/span><\/p>\n<p><span style=\"color: #333399;\"><a href=\"http:\/\/dawipaderborn.bplaced.net\/wordpress\/wp-content\/uploads\/2013\/07\/2011_12_43512_begruendung.pdf\" target=\"_blank\" rel=\"noopener\"><span style=\"color: #333399;\">12. 2011 Begr\u00fcndung zum Bebauungsplan D 191<\/span><\/a><\/span><\/p>\n<p><span style=\"color: #333399;\"><a href=\"http:\/\/dawipaderborn.bplaced.net\/wordpress\/wp-content\/uploads\/2013\/07\/2011_12_18_Plan-DIN-A4.pdf\" target=\"_blank\" rel=\"noopener\"><span style=\"color: #333399;\">18. 12. 2011 \u00a0Bebauungsplan D 191<\/span><\/a><\/span><\/p>\n<p><span style=\"color: #333399;\"><a href=\"http:\/\/dawipaderborn.bplaced.net\/wordpress\/wp-content\/uploads\/2013\/07\/2011_12_18_D-191-uebersicht.pdf\" target=\"_blank\" rel=\"noopener\"><span style=\"color: #333399;\">18. 12. 2011 \u00a0\u00dcbersichtsplan D 191<\/span><\/a><\/span><\/p>\n<p><span style=\"color: #333399;\"><a href=\"http:\/\/dawipaderborn.bplaced.net\/wordpress\/wp-content\/uploads\/2013\/07\/2011_11_17_991022073034110902104028Auszug.pdf\" target=\"_blank\" rel=\"noopener\"><span style=\"color: #333399;\">17. 11. 2011 \u00a0Auszug Niederschrift Ausschuss BPU<\/span><\/a><\/span><\/p>\n<p><a href=\"http:\/\/dawipaderborn.bplaced.net\/wordpress\/wp-content\/uploads\/2013\/07\/2011_10_19_110902104028RisVorlage.pdf\" target=\"_blank\" rel=\"noopener\"><span style=\"color: #333399;\">19. 10. 2011<\/span><\/a><span style=\"color: #333399;\"><span style=\"color: #333399;\"><a href=\"http:\/\/dawipaderborn.bplaced.net\/wordpress\/wp-content\/uploads\/2013\/07\/2011_10_19_110902104028RisVorlage.pdf\" target=\"_blank\" rel=\"noopener\"><span style=\"color: #333399;\"> Sitzungsvorlage BPU<\/span><\/a><\/span><\/span><\/p>\n<p><span style=\"color: #333399;\"><a href=\"http:\/\/dawipaderborn.bplaced.net\/wordpress\/wp-content\/uploads\/2013\/07\/2011_07_06_Amtsblatt-Nr.-32-vom-06072011.pdf\" target=\"_blank\" rel=\"noopener\"><span style=\"color: #333399;\">6. 7. 2011 \u00a0Amtsblatt: Nichterforderlichkeit einer Umweltvertr\u00e4glichkeitspr\u00fcfung Windkraft Dahl<\/span><\/a><\/span><\/p>\n<p><span style=\"color: #333399;\"><a href=\"http:\/\/dawipaderborn.bplaced.net\/wordpress\/wp-content\/uploads\/2013\/07\/2011_03_16_abl_12_vom_16032011.pdf\" target=\"_blank\" rel=\"noopener\"><span style=\"color: #333399;\">16. 3. 2011 \u00a0Amtsblatt: Nichterforderlichkeit einer Umweltvertr\u00e4glichkeitspr\u00fcfung Windkraft Dahl<\/span><\/a><\/span><\/p>\n<p><span style=\"color: #333399;\"><a href=\"http:\/\/dawipaderborn.bplaced.net\/wordpress\/wp-content\/uploads\/2013\/07\/2009_12_10_991022073034091125161247Auszug.pdf\" target=\"_blank\" rel=\"noopener\"><span style=\"color: #333399;\">10. 12. 2009 \u00a0Auszug Niederschrift Ausschuss BPU<\/span><\/a><\/span><\/p>\n<p><span style=\"color: #333399;\"><a href=\"http:\/\/dawipaderborn.bplaced.net\/wordpress\/wp-content\/uploads\/2013\/07\/2009_11_25_Aufhebung-01-091125161247RisVorlage.pdf\" target=\"_blank\" rel=\"noopener\"><span style=\"color: #333399;\">25. 11. 2009 \u00a0Auszug Niederschrift Ausschuss BPU<\/span><\/a><\/span><\/p>\n<p><span style=\"color: #333399;\"><a href=\"http:\/\/dawipaderborn.bplaced.net\/wordpress\/wp-content\/uploads\/2013\/07\/2009_11_25_091125161247RisVorlage.pdf\" target=\"_blank\" rel=\"noopener\"><span style=\"color: #333399;\">25. 11. 2009 \u00a0Sitzungsvorlage BPU<\/span><\/a><\/span><\/p>\n<p><span style=\"color: #333399;\"><a href=\"http:\/\/dawipaderborn.bplaced.net\/wordpress\/wp-content\/uploads\/2013\/07\/2000_01_17_B_Plan-191_plan.pdf\" target=\"_blank\" rel=\"noopener\"><span style=\"color: #333399;\">17. 1. 2000 \u00a0Bebauungsplan D 191 Windpark Dahl<\/span><\/a><\/span><\/p>\n<p><span style=\"color: #333399;\"><a href=\"http:\/\/dawipaderborn.bplaced.net\/wordpress\/wp-content\/uploads\/2013\/07\/1999_12_13-D191-Bebauungsplan-Einsprueche_GescannteAnlagen.pdf\" target=\"_blank\" rel=\"noopener\"><span style=\"color: #333399;\">13. 12. 1999 \u00a0Stellungnahmen der Tr\u00e4ger \u00f6ffentlicher Belange &#8211; Erg\u00e4nzung<\/span><\/a><\/span><\/p>\n<p><span style=\"color: #333399;\"><a href=\"http:\/\/dawipaderborn.bplaced.net\/wordpress\/wp-content\/uploads\/2013\/07\/1999_12_06-B_Plan-191-A_begruendung.pdf\" target=\"_blank\" rel=\"noopener\"><span style=\"color: #333399;\">6. 12. 1999 \u00a0Begr\u00fcndung zum B-Plan 191<\/span><\/a><\/span><\/p>\n<p><span style=\"color: #333399;\"><a href=\"http:\/\/dawipaderborn.bplaced.net\/wordpress\/wp-content\/uploads\/2013\/07\/1999_03_09-B_Plan-191-Stellungnahme-Traeger-oeffentlicher-Belange.pdf\" target=\"_blank\" rel=\"noopener\"><span style=\"color: #333399;\">9. 3. 1999 \u00a0Stellungnahme Tr\u00e4ger \u00f6ffentlicher Belange<\/span><\/a><\/span><\/p>\n<p><span style=\"color: #333399;\"><a href=\"http:\/\/dawipaderborn.bplaced.net\/wordpress\/wp-content\/uploads\/2013\/07\/1997_06_11-B_Plan-191-Nachweis-Ausgleichsflaechen.pdf\" target=\"_blank\" rel=\"noopener\"><span style=\"color: #333399;\">11. 6. 1997 \u00a0B_Plan 191 Nachweis Ausgleichsfl\u00e4chen<\/span><\/a><\/span><\/p>\n<p><span style=\"color: #333399;\">Herkunft der Dokumente aus dem B\u00fcrgerinformationssystem der Stadt Paderborn<\/span><\/p>\n","protected":false},"excerpt":{"rendered":"<p>Dokumente zum Bebauungsplan D 191 Windpark Dahl Der B-Plan 191 wurde inzwischen durch den Entwurf des B-Plan 291 fortgef\u00fchrt. 13.6.2018 Beschlussvorlage_zur Aufhebung des Bebauungsplans 0134-18 16.2.2017\u00a0Beschlussvorlage_zur Aufhebung des Bebauungsplans D 191 24. 4. 2013 \u00a0Amtsblatt: Aufhebung der Aufhebung zum Bebauungsplan D 191 3. 2. 2012 \u00a0Amtsblatt: Windpark Dahl, fr\u00fchzeitige Beteiligung der \u00d6ffentlichkeit 12. 2011 Begr\u00fcndung [&hellip;]<\/p>\n","protected":false},"author":1,"featured_media":0,"parent":2522,"menu_order":2,"comment_status":"closed","ping_status":"closed","template":"","meta":{"footnotes":""},"class_list":["post-57","page","type-page","status-publish","hentry"],"aioseo_notices":[],"_links":{"self":[{"href":"https:\/\/dawipaderborn.bplaced.net\/wordpress\/wp-json\/wp\/v2\/pages\/57","targetHints":{"allow":["GET"]}}],"collection":[{"href":"https:\/\/dawipaderborn.bplaced.net\/wordpress\/wp-json\/wp\/v2\/pages"}],"about":[{"href":"https:\/\/dawipaderborn.bplaced.net\/wordpress\/wp-json\/wp\/v2\/types\/page"}],"author":[{"embeddable":true,"href":"https:\/\/dawipaderborn.bplaced.net\/wordpress\/wp-json\/wp\/v2\/users\/1"}],"replies":[{"embeddable":true,"href":"https:\/\/dawipaderborn.bplaced.net\/wordpress\/wp-json\/wp\/v2\/comments?post=57"}],"version-history":[{"count":28,"href":"https:\/\/dawipaderborn.bplaced.net\/wordpress\/wp-json\/wp\/v2\/pages\/57\/revisions"}],"predecessor-version":[{"id":5797,"href":"https:\/\/dawipaderborn.bplaced.net\/wordpress\/wp-json\/wp\/v2\/pages\/57\/revisions\/5797"}],"up":[{"embeddable":true,"href":"https:\/\/dawipaderborn.bplaced.net\/wordpress\/wp-json\/wp\/v2\/pages\/2522"}],"wp:attachment":[{"href":"https:\/\/dawipaderborn.bplaced.net\/wordpress\/wp-json\/wp\/v2\/media?parent=57"}],"curies":[{"name":"wp","href":"https:\/\/api.w.org\/{rel}","templated":true}]}}