{"id":606,"date":"2013-07-31T16:08:52","date_gmt":"2013-07-31T14:08:52","guid":{"rendered":"http:\/\/dawipaderborn.bplaced.net\/wordpress\/?page_id=606"},"modified":"2018-11-13T12:17:41","modified_gmt":"2018-11-13T10:17:41","slug":"abstaende-zur-wohnbebauung-nach-ta-laerm","status":"publish","type":"page","link":"https:\/\/dawipaderborn.bplaced.net\/wordpress\/menschenschutz\/schall\/abstaende-zur-wohnbebauung-nach-ta-laerm\/","title":{"rendered":"Abst\u00e4nde zur Wohnbebauung nach TA L\u00e4rm"},"content":{"rendered":"<p><span style=\"color: #333399;\"><span style=\"color: #333333;\">Der Windenergie-Erlass NW vom 11.07.2011 (Link: <\/span><a href=\"http:\/\/www.lanuv.nrw.de\/geraeusche\/pdf\/WindenergieErlass11072011.pdf\" target=\"_blank\" rel=\"noopener\"><span style=\"color: #333399;\"><span style=\"color: #333333;\">Erlass NRW<\/span><\/span><\/a><span style=\"color: #333333;\">) enth\u00e4lt auch Ausf\u00fchrungsbestimmungen zur Genehmigung von Windindustrieanlagen f\u00fcr die Planungs- und Genehmigungsbeh\u00f6rden. Dazu geh\u00f6ren:<\/span><\/span><\/p>\n<ul>\n<li><span style=\"color: #333399;\"><span style=\"color: #333333;\">eine <\/span><strong><span style=\"color: #333333;\">UVP<\/span><\/strong><span style=\"color: #333333;\"> (Umweltvertr\u00e4glichkeitspr\u00fcfung) je nach Standort und Anzahl der geplanten Windkraftanlagen (auch als UVP-Vorpr\u00fcfung m\u00f6glich);<\/span><\/span><\/li>\n<li><span style=\"color: #333399;\"><span style=\"color: #333333;\">das Genehmigungsprocedere nach dem\u00a0<\/span><strong style=\"font-weight: bold;\"><span style=\"color: #333333;\">BImSchG <\/span><\/strong><span style=\"color: #333333;\">(dem Bundes-Immissiosschutzgesetz), das je nach Standort und Anzahl der Anlagen auch als vereinfachtes Verfahren durchgef\u00fchrt werden kann.<\/span><\/span><\/li>\n<li><span style=\"color: #333399;\"><span style=\"color: #333333;\">In jedem Fall ist jedoch zum <\/span><em><span style=\"color: #333333;\">&#8222;Schutz der Allgemeinheit und der Nachbarschaft vor sch\u00e4dlichen Umwelteinwirkungen durch Ger\u00e4usche&#8220;<\/span><\/em><span style=\"color: #333333;\"> eine \u00dcberpr\u00fcfung nach der <\/span><strong><span style=\"color: #333333;\">TA L\u00e4rm<\/span><\/strong><span style=\"color: #333333;\"> (Technische Anleitung zum Schutz gegen L\u00e4rm) erforderlich. (Link: <\/span><a href=\"http:\/\/de.wikipedia.org\/wiki\/Technische_Anleitung_zum_Schutz_gegen_L%C3%A4rm#Ma.C3.9Fgeblicher_Immissionsort\" target=\"_blank\" rel=\"noopener\"><span style=\"color: #333399;\"><span style=\"color: #333333;\">TA L\u00e4rm<\/span><\/span><\/a><span style=\"color: #333333;\">)<\/span><\/span><\/li>\n<\/ul>\n<p><span style=\"color: #333399;\"><span style=\"color: #333333;\">Im Windenergie-Erlass NW wird auf die letzte Neufassung der TA-L\u00e4rm vom 26.08.1998 verwiesen, obwohl in der Fachwelt die Anwendbarkeit<\/span> <span style=\"color: #333333;\">der TA-L\u00e4rm\u00a0auf Windindustrieanlagen seit ca. 2004 sehr umstritten ist.<\/span><\/span><br \/>\n<span style=\"color: #333399;\"><span style=\"color: #333333;\"> Die f\u00fcr die Prognosen oder Messungen der L\u00e4rmimmissionen verwendeten <\/span><strong><span style=\"color: #333333;\">VDI-Richtlinien<\/span><\/strong><span style=\"color: #333333;\"> (Richtlinien des Vereins Deutscher Ingenieure) und <\/span><strong><span style=\"color: #333333;\">DIN-Normen<\/span><\/strong><span style=\"color: #333333;\"> werden zur Zeit \u00fcberarbeitet, was zu einer Neufassung der TA-L\u00e4rm\u00a0f\u00fchren d\u00fcrfte.<\/span><\/span><br \/>\n<span style=\"color: #333399;\"><span style=\"color: #333333;\"> Damit wird die Pauschalierung des Abstands einer Windindustrieanlage mit einem Faktor x Anlagenh\u00f6he ad absurdum gef\u00fchrt, zumal die Verwaltungsgerichte immer h\u00e4ufiger eine auf den Standort der Windindustrieanlagen bezogene <\/span><strong><span style=\"color: #333333;\">&#8222;qualifizierte<\/span><\/strong> <strong><span style=\"color: #333333;\">L\u00e4rmprognose&#8220;<\/span><\/strong><span style=\"color: #333333;\"> verlangen.<\/span><\/span><\/p>\n<p><span style=\"color: #333399;\"><strong>Die DaWI will die erforderlichen Fakten zusammentragen, damit auf deren Grundlage entschieden werden kann, welche akzeptablen Abst\u00e4nde zwischen Wohnbebauung und geplanten Windindustrieanlagen einzuhalten sind.<\/strong><\/span><\/p>\n<p><span style=\"color: #333399;\"><span style=\"color: #888888;\"><span style=\"color: #333333;\">Dazu zwei weiterf\u00fchrende Dokumente:<\/span><\/span><\/span><\/p>\n<ul>\n<li><span style=\"color: #333399;\"><span style=\"color: #888888;\"><span style=\"color: #333333;\">(A) Bedeutung der TA-L\u00e4rm und Pl\u00e4ne zu\u00a0deren\u00a0Novellierung<\/span><\/span><\/span><br \/>\n<span style=\"color: #333399;\"><span style=\"color: #888888;\"><span style=\"color: #333333;\"> (bearbeitet von Dr. Franz-Dieter Cramer):\u00a0\u00a0<\/span><\/span><a href=\"http:\/\/dawipaderborn.bplaced.net\/wordpress\/wp-content\/uploads\/2013\/07\/Anpassung-TA-Laerm-FDC18.08.2013.pdf\" target=\"_blank\" rel=\"noopener\"><span style=\"color: #333399;\"><span style=\"color: #888888;\"><span style=\"color: #333333;\">Anpassung TA L\u00e4rm, FDC,18.08.2013<\/span><\/span><\/span><\/a><br \/>\n<\/span><\/li>\n<li><span style=\"color: #333399;\"><span style=\"color: #888888;\"><span style=\"color: #333333;\">(B) Zur Umsetzung auf die Planungen in Dahl<\/span><\/span><\/span><br \/>\n<span style=\"color: #333399;\"><span style=\"color: #888888;\"><span style=\"color: #333333;\"> (bearbeitet von Dr. Franz-Dieter Cramer): <\/span><\/span><a href=\"http:\/\/dawipaderborn.bplaced.net\/wordpress\/wp-content\/uploads\/2013\/07\/Windkraft-Planungen-in-Dahl-FDC01_09_2013.pdf\" target=\"_blank\" rel=\"noopener\"><span style=\"color: #333399;\"><span style=\"color: #888888;\"><span style=\"color: #333333;\">Windkraft Planungen in Dahl, FDC,01.09.2013<\/span><\/span><\/span><\/a><\/span><\/li>\n<\/ul>\n<p><span style=\"color: #333399;\"><span style=\"color: #888888;\"><span style=\"color: #333333;\">Und wer einmal das typische Ger\u00e4usch einer Windkraftanlage h\u00f6ren will, bitte hier:<\/span><\/span><\/span><\/p>\n<!--[if lt IE 9]><script>document.createElement('audio');<\/script><![endif]-->\n<audio class=\"wp-audio-shortcode\" id=\"audio-606-1\" preload=\"none\" style=\"width: 100%;\" controls=\"controls\"><source type=\"audio\/mpeg\" src=\"http:\/\/dawipaderborn.bplaced.net\/wordpress\/wp-content\/uploads\/2013\/07\/Windrad.mp3?_=1\" \/><a href=\"http:\/\/dawipaderborn.bplaced.net\/wordpress\/wp-content\/uploads\/2013\/07\/Windrad.mp3\">http:\/\/dawipaderborn.bplaced.net\/wordpress\/wp-content\/uploads\/2013\/07\/Windrad.mp3<\/a><\/audio>\n<p>&nbsp;<\/p>\n<p><a href=\"http:\/\/dawipaderborn.bplaced.net\/wordpress\/wp-content\/uploads\/2013\/07\/Dahl-2013_07_20.jpg\" target=\"_blank\" rel=\"noopener\"><img loading=\"lazy\" decoding=\"async\" class=\"alignnone size-medium wp-image-1285\" src=\"http:\/\/dawipaderborn.bplaced.net\/wordpress\/wp-content\/uploads\/2013\/07\/Dahl-2013_07_20-300x78.jpg\" alt=\"Dahl 2013_07_20\" width=\"524\" height=\"136\" srcset=\"https:\/\/dawipaderborn.bplaced.net\/wordpress\/wp-content\/uploads\/2013\/07\/Dahl-2013_07_20-300x78.jpg 300w, https:\/\/dawipaderborn.bplaced.net\/wordpress\/wp-content\/uploads\/2013\/07\/Dahl-2013_07_20-1024x267.jpg 1024w, https:\/\/dawipaderborn.bplaced.net\/wordpress\/wp-content\/uploads\/2013\/07\/Dahl-2013_07_20-624x162.jpg 624w\" sizes=\"auto, (max-width: 524px) 100vw, 524px\" \/><\/a><\/p>\n<p>Presseartikel zum Thema:<\/p>\n<p><span style=\"color: #333399;\"><a style=\"color: #333399;\" href=\"http:\/\/dawipaderborn.bplaced.net\/wordpress\/wp-content\/uploads\/2016\/02\/2016_08_19-VDI_Schallprtognosen-greifen-zu-kurz.pdf\" target=\"_blank\" rel=\"noopener\">schallprognosen-greifen-zu-kurz<\/a>\u00a0 (VDI 19.8.2016)<\/span><\/p>\n","protected":false},"excerpt":{"rendered":"<p>Der Windenergie-Erlass NW vom 11.07.2011 (Link: Erlass NRW) enth\u00e4lt auch Ausf\u00fchrungsbestimmungen zur Genehmigung von Windindustrieanlagen f\u00fcr die Planungs- und Genehmigungsbeh\u00f6rden. Dazu geh\u00f6ren: eine UVP (Umweltvertr\u00e4glichkeitspr\u00fcfung) je nach Standort und Anzahl der geplanten Windkraftanlagen (auch als UVP-Vorpr\u00fcfung m\u00f6glich); das Genehmigungsprocedere nach dem\u00a0BImSchG (dem Bundes-Immissiosschutzgesetz), das je nach Standort und Anzahl der Anlagen auch als vereinfachtes Verfahren [&hellip;]<\/p>\n","protected":false},"author":1,"featured_media":0,"parent":69,"menu_order":1,"comment_status":"closed","ping_status":"closed","template":"","meta":{"footnotes":""},"class_list":["post-606","page","type-page","status-publish","hentry"],"aioseo_notices":[],"_links":{"self":[{"href":"https:\/\/dawipaderborn.bplaced.net\/wordpress\/wp-json\/wp\/v2\/pages\/606","targetHints":{"allow":["GET"]}}],"collection":[{"href":"https:\/\/dawipaderborn.bplaced.net\/wordpress\/wp-json\/wp\/v2\/pages"}],"about":[{"href":"https:\/\/dawipaderborn.bplaced.net\/wordpress\/wp-json\/wp\/v2\/types\/page"}],"author":[{"embeddable":true,"href":"https:\/\/dawipaderborn.bplaced.net\/wordpress\/wp-json\/wp\/v2\/users\/1"}],"replies":[{"embeddable":true,"href":"https:\/\/dawipaderborn.bplaced.net\/wordpress\/wp-json\/wp\/v2\/comments?post=606"}],"version-history":[{"count":51,"href":"https:\/\/dawipaderborn.bplaced.net\/wordpress\/wp-json\/wp\/v2\/pages\/606\/revisions"}],"predecessor-version":[{"id":5816,"href":"https:\/\/dawipaderborn.bplaced.net\/wordpress\/wp-json\/wp\/v2\/pages\/606\/revisions\/5816"}],"up":[{"embeddable":true,"href":"https:\/\/dawipaderborn.bplaced.net\/wordpress\/wp-json\/wp\/v2\/pages\/69"}],"wp:attachment":[{"href":"https:\/\/dawipaderborn.bplaced.net\/wordpress\/wp-json\/wp\/v2\/media?parent=606"}],"curies":[{"name":"wp","href":"https:\/\/api.w.org\/{rel}","templated":true}]}}