{"id":73,"date":"2013-07-17T15:44:53","date_gmt":"2013-07-17T13:44:53","guid":{"rendered":"http:\/\/dawipaderborn.bplaced.net\/wordpress\/?page_id=73"},"modified":"2014-04-08T19:29:14","modified_gmt":"2014-04-08T17:29:14","slug":"wertverlust-des-eigentums","status":"publish","type":"page","link":"https:\/\/dawipaderborn.bplaced.net\/wordpress\/menschenschutz\/wertverlust-des-eigentums\/","title":{"rendered":"Landschaftsbild und Wohnwert"},"content":{"rendered":"<p><span style=\"color: #333399;\">Allzu h\u00e4ufig und allzu gerne wird die Debatte um den Ausbau der Windindustrie auf ein rein \u00f6konomisches Kalk\u00fcl beschr\u00e4nkt. Auch in Paderborn.<\/span><br \/>\n<span style=\"color: #333399;\"> Vorgef\u00fchrt wird ein einseitiges Vorteilskalk\u00fcl: Die verlockend hohen Gewinnmargen der (b\u00e4uerlichen) Grundbesitzer, der Betreiber und Betreibergesellschaften wurden schon verschiedentlich vorgerechnet.\u00a0Die Zinseinnahmen der darlehensgebenden Banken sind betr\u00e4chtlich. Die Kommunen k\u00f6nnen ihre klammen Haushalte mit anfallenden Gewerbesteuereinnahmen aufbessern. Dazu lesenswert:<\/span><\/p>\n<ul>\n<li><span style=\"color: #333399;\">Die Zeit (vom 13. 12. 2012): <\/span>\u00a0\u201e<a href=\"http:\/\/dawipaderborn.bplaced.net\/wordpress\/wp-content\/uploads\/2013\/07\/Reich-werden-die-anderen.pdf\" target=\"_blank\"><span style=\"color: #333333;\">Reich werden die anderen<\/span><\/a>\u201c<\/li>\n<li><span style=\"color: #333399;\">Capital (Nr. 7, Juli 2013): \u201eDie neuen \u00d6ko-Million\u00e4re\u201c.<\/span><\/li>\n<li><span style=\"color: #333399;\">\u00a0<\/span><a style=\"color: #0f3647;\" href=\"http:\/\/dawipaderborn.bplaced.net\/wordpress\/wp-content\/uploads\/2013\/07\/2014_03_26-Haus-u-Grund-Wuerttemberg.pdf\" target=\"_blank\"><span style=\"color: #333399;\">2014_03_26 Haus u Grund W\u00fcrttemberg<\/span><\/a><\/li>\n<\/ul>\n<p><span style=\"color: #333399;\">Die zu erwartenden \u00f6konomischen Nachteile dagegen werden heruntergespielt oder bleiben unerw\u00e4hnt: die Entwertung von nahegelegenen Wohngebieten und die Entwertung der Wohngrundst\u00fccke der betroffenen Anwohner.<\/span><\/p>\n<p><span style=\"color: #333399;\"><strong>Die Gelackmeierten sind die B\u00fcrgerinnen und B\u00fcrger. Denn deren Gewinn-und-Verlust-Bilanzen fallen in den allermeisten F\u00e4llen negativ aus: eine durch Windindustriet\u00fcrme zugestellte Umgebung, L\u00e4rmbel\u00e4stigung bei ung\u00fcnstiger Windrichtung, Entwertung von Wohneigentum \u2013 alles in allem: nicht Erhalt, sondern Beeintr\u00e4chtigung der Lebensqualit\u00e4t!<\/strong><\/span><\/p>\n","protected":false},"excerpt":{"rendered":"<p>Allzu h\u00e4ufig und allzu gerne wird die Debatte um den Ausbau der Windindustrie auf ein rein \u00f6konomisches Kalk\u00fcl beschr\u00e4nkt. Auch in Paderborn. Vorgef\u00fchrt wird ein einseitiges Vorteilskalk\u00fcl: Die verlockend hohen Gewinnmargen der (b\u00e4uerlichen) Grundbesitzer, der Betreiber und Betreibergesellschaften wurden schon verschiedentlich vorgerechnet.\u00a0Die Zinseinnahmen der darlehensgebenden Banken sind betr\u00e4chtlich. Die Kommunen k\u00f6nnen ihre klammen Haushalte mit [&hellip;]<\/p>\n","protected":false},"author":1,"featured_media":0,"parent":65,"menu_order":4,"comment_status":"closed","ping_status":"closed","template":"","meta":{"footnotes":""},"class_list":["post-73","page","type-page","status-publish","hentry"],"aioseo_notices":[],"_links":{"self":[{"href":"https:\/\/dawipaderborn.bplaced.net\/wordpress\/wp-json\/wp\/v2\/pages\/73","targetHints":{"allow":["GET"]}}],"collection":[{"href":"https:\/\/dawipaderborn.bplaced.net\/wordpress\/wp-json\/wp\/v2\/pages"}],"about":[{"href":"https:\/\/dawipaderborn.bplaced.net\/wordpress\/wp-json\/wp\/v2\/types\/page"}],"author":[{"embeddable":true,"href":"https:\/\/dawipaderborn.bplaced.net\/wordpress\/wp-json\/wp\/v2\/users\/1"}],"replies":[{"embeddable":true,"href":"https:\/\/dawipaderborn.bplaced.net\/wordpress\/wp-json\/wp\/v2\/comments?post=73"}],"version-history":[{"count":19,"href":"https:\/\/dawipaderborn.bplaced.net\/wordpress\/wp-json\/wp\/v2\/pages\/73\/revisions"}],"predecessor-version":[{"id":2046,"href":"https:\/\/dawipaderborn.bplaced.net\/wordpress\/wp-json\/wp\/v2\/pages\/73\/revisions\/2046"}],"up":[{"embeddable":true,"href":"https:\/\/dawipaderborn.bplaced.net\/wordpress\/wp-json\/wp\/v2\/pages\/65"}],"wp:attachment":[{"href":"https:\/\/dawipaderborn.bplaced.net\/wordpress\/wp-json\/wp\/v2\/media?parent=73"}],"curies":[{"name":"wp","href":"https:\/\/api.w.org\/{rel}","templated":true}]}}